{"id":1316,"date":"2024-07-31T13:13:20","date_gmt":"2024-07-31T13:13:20","guid":{"rendered":"https:\/\/empsicologa.com\/?page_id=1316"},"modified":"2025-06-26T06:48:28","modified_gmt":"2025-06-26T06:48:28","slug":"nos-movemos","status":"publish","type":"page","link":"https:\/\/empsicologa.com\/en\/nos-movemos\/","title":{"rendered":"Nos Movemos"},"content":{"rendered":"<div data-elementor-type=\"wp-page\" data-elementor-id=\"1316\" class=\"elementor elementor-1316\">\n\t\t\t\t<div class=\"elementor-element elementor-element-ie3s2mu e-flex e-con-boxed e-con e-parent\" data-id=\"ie3s2mu\" data-element_type=\"container\">\n\t\t\t\t\t<div class=\"e-con-inner\">\n\t\t<div class=\"elementor-element elementor-element-f7edaaf e-con-full e-flex e-con e-child\" data-id=\"f7edaaf\" data-element_type=\"container\">\n\t\t\t\t<div class=\"elementor-element elementor-element-357ed75 animated-fast elementor-invisible elementor-widget elementor-widget-heading\" data-id=\"357ed75\" data-element_type=\"widget\" data-settings=\"{&quot;_animation&quot;:&quot;fadeIn&quot;}\" data-widget_type=\"heading.default\">\n\t\t\t\t<div class=\"elementor-widget-container\">\n\t\t\t<style>\/*! elementor - v3.23.0 - 25-07-2024 *\/\n.elementor-heading-title{padding:0;margin:0;line-height:1}.elementor-widget-heading .elementor-heading-title[class*=elementor-size-]>a{color:inherit;font-size:inherit;line-height:inherit}.elementor-widget-heading .elementor-heading-title.elementor-size-small{font-size:15px}.elementor-widget-heading .elementor-heading-title.elementor-size-medium{font-size:19px}.elementor-widget-heading .elementor-heading-title.elementor-size-large{font-size:29px}.elementor-widget-heading .elementor-heading-title.elementor-size-xl{font-size:39px}.elementor-widget-heading .elementor-heading-title.elementor-size-xxl{font-size:59px}<\/style><h3 class=\"elementor-heading-title elementor-size-default\">Publicaciones<\/h3>\t\t<\/div>\n\t\t\t\t<\/div>\n\t\t\t\t<div class=\"elementor-element elementor-element-59f9040 animated-fast elementor-invisible elementor-widget elementor-widget-heading\" data-id=\"59f9040\" data-element_type=\"widget\" data-settings=\"{&quot;_animation&quot;:&quot;fadeIn&quot;}\" data-widget_type=\"heading.default\">\n\t\t\t\t<div class=\"elementor-widget-container\">\n\t\t\t<h1 class=\"elementor-heading-title elementor-size-default\">Nos Movemos<\/h1>\t\t<\/div>\n\t\t\t\t<\/div>\n\t\t\t\t<div class=\"elementor-element elementor-element-4f0b084 elementor-invisible elementor-widget elementor-widget-text-editor\" data-id=\"4f0b084\" data-element_type=\"widget\" data-settings=\"{&quot;_animation&quot;:&quot;fadeIn&quot;}\" data-widget_type=\"text-editor.default\">\n\t\t\t\t<div class=\"elementor-widget-container\">\n\t\t\t<style>\/*! elementor - v3.23.0 - 25-07-2024 *\/\n.elementor-widget-text-editor.elementor-drop-cap-view-stacked .elementor-drop-cap{background-color:#69727d;color:#fff}.elementor-widget-text-editor.elementor-drop-cap-view-framed .elementor-drop-cap{color:#69727d;border:3px solid;background-color:transparent}.elementor-widget-text-editor:not(.elementor-drop-cap-view-default) .elementor-drop-cap{margin-top:8px}.elementor-widget-text-editor:not(.elementor-drop-cap-view-default) .elementor-drop-cap-letter{width:1em;height:1em}.elementor-widget-text-editor .elementor-drop-cap{float:left;text-align:center;line-height:1;font-size:50px}.elementor-widget-text-editor .elementor-drop-cap-letter{display:inline-block}<\/style>\t\t\t\t<p>Si necesitas m\u00e1s contenido sobre nosotras, ver por donde nos movemos, lo que publicamos, los talleres que podemos ofrecerte\u2026 Este es tu espacio.<\/p>\t\t\t\t\t\t<\/div>\n\t\t\t\t<\/div>\n\t\t\t\t<\/div>\n\t\t\t\t\t<\/div>\n\t\t\t\t<\/div>\n\t\t<div class=\"elementor-element elementor-element-7538d67 e-flex e-con-boxed e-con e-parent\" data-id=\"7538d67\" data-element_type=\"container\">\n\t\t\t\t\t<div class=\"e-con-inner\">\n\t\t\t\t<div class=\"elementor-element elementor-element-5357408 elementor-widget elementor-widget-text-editor\" data-id=\"5357408\" data-element_type=\"widget\" data-widget_type=\"text-editor.default\">\n\t\t\t\t<div class=\"elementor-widget-container\">\n\t\t\t\t\t\t\t<p><style><\/style><div class=\"wplp_outside wplp_widget_1759\" style=\"max-width:100%;\"><span class=\"wpcu_block_title\">\u00daltimas noticias<\/span><div id=\"wplp_widget_1759\" class=\"wplp_widget_default wplp_container vertical swiper wplp-swiper default cols3\" data-theme=\"default\" data-post=\"1759\" style=\"\" data-max-elts=\"3\" data-per-page=\"10\"><div class=\"wplp_listposts swiper-wrapper\" id=\"default_1759\" style=\"width: 100%;\" ><div class=\"swiper-slide\" style=\"\"><div class=\"insideframe\"><div id=\"wplp_box_top_1759_1922\" class=\"wpcu-front-box top equalHeightImg\" ><div class=\"wplp-box-item\"><a href=\"https:\/\/empsicologa.com\/en\/escuchanos-en-la-radio\/\"  class=\"thumbnail\"><span class=\"img_cropper\" style=\"margin-right:1px;margin-bottom:1px;max-width:100%;\"><img decoding=\"async\" src=\"https:\/\/empsicologa.com\/wp-content\/uploads\/2025\/05\/Imagen-de-WhatsApp-2025-05-29-a-las-11.22.42_d7f6c48d.jpg\" style=\"aspect-ratio:4\/3;\" srcset=\"https:\/\/empsicologa.com\/wp-content\/uploads\/2025\/05\/Imagen-de-WhatsApp-2025-05-29-a-las-11.22.42_d7f6c48d.jpg 1200w, https:\/\/empsicologa.com\/wp-content\/uploads\/2025\/05\/Imagen-de-WhatsApp-2025-05-29-a-las-11.22.42_d7f6c48d-225x300.jpg 225w, https:\/\/empsicologa.com\/wp-content\/uploads\/2025\/05\/Imagen-de-WhatsApp-2025-05-29-a-las-11.22.42_d7f6c48d-768x1024.jpg 768w, https:\/\/empsicologa.com\/wp-content\/uploads\/2025\/05\/Imagen-de-WhatsApp-2025-05-29-a-las-11.22.42_d7f6c48d-1152x1536.jpg 1152w, https:\/\/empsicologa.com\/wp-content\/uploads\/2025\/05\/Imagen-de-WhatsApp-2025-05-29-a-las-11.22.42_d7f6c48d-9x12.jpg 9w\" alt=\"ESCUCHANOS EN LA RADIO\" class=\"swiper-lazy wplp_thumb\" \/><div class=\"swiper-lazy-preloader\"><\/div><\/span><\/a><a href=\"https:\/\/empsicologa.com\/en\/escuchanos-en-la-radio\/\"  class=\"title\">ESCUCHANOS EN LA RADIO<\/a><\/div><\/div><div id=\"wplp_box_left_1759_1922\" class=\"wpcu-front-box left wpcu-custom-position\" ><div class=\"wplp-box-item\"><\/div><\/div><div id=\"wplp_box_right_1759_1922\" class=\"wpcu-front-box right wpcu-custom-position\" ><div class=\"wplp-box-item\"><\/div><\/div><div id=\"wplp_box_bottom_1759_1922\" class=\"wpcu-front-box bottom\" ><div class=\"wplp-box-item\"><span class=\"date\">mayo 29, 2025<\/span><span class=\"text\"><span style=\"max-height:2.8em\" class=\"line_limit\">Espacio de Psicolog\u00eda en Radio Azul \u2013 Cadena SER\nTodos los jueves a las 11:30 h, en el programa \u00abHoy por Hoy\u00bb con Luis y Lydia\nCada semana, los jueves a las 11:30, me encontrar\u00e1s en las ondas de Radio Azul \u2013 Cadena SER, participando en el programa \u00abHoy por Hoy\u00bb junto a Luis y Lydia, donde abrimos un espacio dedicado a la divulgaci\u00f3n psicol\u00f3gica cercana, amena y \u00fatil para el d\u00eda a d\u00eda.\nEn este espacio hablamos de c\u00f3mo funciona nuestra mente, c\u00f3mo gestionar emociones, mejorar relaciones, entendernos mejor y cuidarnos psicol\u00f3gicamente, siempre desde el rigor de la ciencia, pero con un enfoque claro, accesible y, por qu\u00e9 no, tambi\u00e9n divertido.\nNo se trata de una clase te\u00f3rica: es una conversaci\u00f3n abierta, donde cualquier oyente puede participar en directo, hacer preguntas, compartir experiencias o proponer temas que le interesen. La idea es que la psicolog\u00eda se viva como algo cercano, comprensible y pr\u00e1ctico.\nYa seas oyente habitual o llegues por primera vez, est\u00e1s m\u00e1s que invitado a acompa\u00f1arnos, reflexionar juntos y descubrir herramientas que te ayuden a vivir con m\u00e1s equilibrio y bienestar.\n\ud83d\udccd Cu\u00e1ndo: Todos los jueves a las 11:30 h\ud83d\udcfb D\u00f3nde: En Radio Azul \u2013 Cadena SER, dentro del programa Hoy por Hoy\ud83e\udde0 Con: Luis, Lydia y una servidora, como psic\u00f3loga invitada\n\u00a1Te esperamos al otro lado del micr\u00f3fono!<\/span><span style=\"margin-left:3px; max-height:2.8em\" class=\"line_limit\"> [&#8230;]<\/span><\/span><span class=\"custom_fields\">\n<!-- WPLP Unknown field: Custom_Fields -->\n<\/span><a href=\"https:\/\/empsicologa.com\/en\/escuchanos-en-la-radio\/\"  class=\"read-more\">Leer m\u00e1s&#8230;<\/a><\/div><\/div><\/div><\/div><div class=\"swiper-slide\" style=\"\"><div class=\"insideframe\"><div id=\"wplp_box_top_1759_1915\" class=\"wpcu-front-box top equalHeightImg\" ><div class=\"wplp-box-item\"><a href=\"https:\/\/empsicologa.com\/en\/neuromaternidad\/\"  class=\"thumbnail\"><span class=\"img_cropper\" style=\"margin-right:1px;margin-bottom:1px;max-width:100%;\"><img decoding=\"async\" src=\"https:\/\/empsicologa.com\/wp-content\/uploads\/2025\/05\/Imagen-de-WhatsApp-2025-05-28-a-las-17.12.02_fd9356dd.jpg\" style=\"aspect-ratio:4\/3;\" srcset=\"https:\/\/empsicologa.com\/wp-content\/uploads\/2025\/05\/Imagen-de-WhatsApp-2025-05-28-a-las-17.12.02_fd9356dd.jpg 1489w, https:\/\/empsicologa.com\/wp-content\/uploads\/2025\/05\/Imagen-de-WhatsApp-2025-05-28-a-las-17.12.02_fd9356dd-218x300.jpg 218w, https:\/\/empsicologa.com\/wp-content\/uploads\/2025\/05\/Imagen-de-WhatsApp-2025-05-28-a-las-17.12.02_fd9356dd-745x1024.jpg 745w, https:\/\/empsicologa.com\/wp-content\/uploads\/2025\/05\/Imagen-de-WhatsApp-2025-05-28-a-las-17.12.02_fd9356dd-768x1056.jpg 768w, https:\/\/empsicologa.com\/wp-content\/uploads\/2025\/05\/Imagen-de-WhatsApp-2025-05-28-a-las-17.12.02_fd9356dd-1117x1536.jpg 1117w, https:\/\/empsicologa.com\/wp-content\/uploads\/2025\/05\/Imagen-de-WhatsApp-2025-05-28-a-las-17.12.02_fd9356dd-9x12.jpg 9w\" alt=\"NEUROMATERNIDAD\" class=\"swiper-lazy wplp_thumb\" \/><div class=\"swiper-lazy-preloader\"><\/div><\/span><\/a><a href=\"https:\/\/empsicologa.com\/en\/neuromaternidad\/\"  class=\"title\">NEUROMATERNIDAD<\/a><\/div><\/div><div id=\"wplp_box_left_1759_1915\" class=\"wpcu-front-box left wpcu-custom-position\" ><div class=\"wplp-box-item\"><\/div><\/div><div id=\"wplp_box_right_1759_1915\" class=\"wpcu-front-box right wpcu-custom-position\" ><div class=\"wplp-box-item\"><\/div><\/div><div id=\"wplp_box_bottom_1759_1915\" class=\"wpcu-front-box bottom\" ><div class=\"wplp-box-item\"><span class=\"date\">mayo 28, 2025<\/span><span class=\"text\"><span style=\"max-height:2.8em\" class=\"line_limit\">Neuromaternidad.\nDurante este a\u00f1o, hemos tenido el placer de realizar talleres de extensi\u00f3n universitaria para la UNED.\nEn este caso durante los meses de Abril y mayo, se ha realizado una formaci\u00f3n extensiva sobre la maternidad, la neurociencia que la acompa\u00f1a y la transici\u00f3n evolutiva que representa para una mujer este periodo.<\/span><span style=\"margin-left:3px; max-height:2.8em\" class=\"line_limit\"> [&#8230;]<\/span><\/span><span class=\"custom_fields\">\n<!-- WPLP Unknown field: Custom_Fields -->\n<\/span><a href=\"https:\/\/empsicologa.com\/en\/neuromaternidad\/\"  class=\"read-more\">Leer m\u00e1s&#8230;<\/a><\/div><\/div><\/div><\/div><div class=\"swiper-slide\" style=\"\"><div class=\"insideframe\"><div id=\"wplp_box_top_1759_1881\" class=\"wpcu-front-box top equalHeightImg\" ><div class=\"wplp-box-item\"><a href=\"https:\/\/empsicologa.com\/en\/hola-a-todos\/\"  class=\"thumbnail\"><span class=\"img_cropper\" style=\"margin-right:1px;margin-bottom:1px;max-width:100%;\"><img decoding=\"async\" src=\"https:\/\/empsicologa.com\/wp-content\/uploads\/2025\/05\/Imagen-de-WhatsApp-2025-05-28-a-las-16.43.25_7fa37099.jpg\" style=\"aspect-ratio:4\/3;\" srcset=\"https:\/\/empsicologa.com\/wp-content\/uploads\/2025\/05\/Imagen-de-WhatsApp-2025-05-28-a-las-16.43.25_7fa37099.jpg 720w, https:\/\/empsicologa.com\/wp-content\/uploads\/2025\/05\/Imagen-de-WhatsApp-2025-05-28-a-las-16.43.25_7fa37099-300x292.jpg 300w, https:\/\/empsicologa.com\/wp-content\/uploads\/2025\/05\/Imagen-de-WhatsApp-2025-05-28-a-las-16.43.25_7fa37099-12x12.jpg 12w\" alt=\"C\u00d3MO VIVIR PARA VIVIR SIN ANSIEDAD\" class=\"swiper-lazy wplp_thumb\" \/><div class=\"swiper-lazy-preloader\"><\/div><\/span><\/a><a href=\"https:\/\/empsicologa.com\/en\/hola-a-todos\/\"  class=\"title\">C\u00d3MO VIVIR PARA VIVIR SIN ANSIEDAD<\/a><\/div><\/div><div id=\"wplp_box_left_1759_1881\" class=\"wpcu-front-box left wpcu-custom-position\" ><div class=\"wplp-box-item\"><\/div><\/div><div id=\"wplp_box_right_1759_1881\" class=\"wpcu-front-box right wpcu-custom-position\" ><div class=\"wplp-box-item\"><\/div><\/div><div id=\"wplp_box_bottom_1759_1881\" class=\"wpcu-front-box bottom\" ><div class=\"wplp-box-item\"><span class=\"date\">mayo 28, 2025<\/span><span class=\"text\"><span style=\"max-height:2.8em\" class=\"line_limit\">Taller \u201cC\u00f3mo vivir, para no vivir ansiedad\u201d \u2013 UNED Aula de Tomelloso\nDurante los meses de febrero y marzo de 2025 hemos tenido el privilegio de impartir el taller titulado \u201cC\u00f3mo vivir, para no vivir ansiedad\u201d en el aula de la UNED de Tomelloso. Esta actividad ha estado orientada a ofrecer herramientas pr\u00e1cticas y reflexivas para la gesti\u00f3n de la ansiedad y el estr\u00e9s, problem\u00e1ticas cada vez m\u00e1s presentes en la vida cotidiana.\nEl desarrollo del taller en un entorno acad\u00e9mico tan reconocido como la Universidad Nacional de Educaci\u00f3n a Distancia representa para nosotras un hito significativo en nuestra trayectoria profesional. Poder compartir conocimientos, experiencias y metodolog\u00edas dentro de un espacio de formaci\u00f3n superior no solo reafirma nuestro compromiso con el bienestar emocional, sino que tambi\u00e9n nos enorgullece profundamente.\nAgradecemos a la UNED y al aula de Tomelloso por la confianza depositada y por brindarnos la oportunidad de formar parte de su programa formativo. Seguimos trabajando con entusiasmo y responsabilidad para contribuir, desde nuestra pr\u00e1ctica, a una vida m\u00e1s consciente, equilibrada y saludable.<\/span><span style=\"margin-left:3px; max-height:2.8em\" class=\"line_limit\"> [&#8230;]<\/span><\/span><span class=\"custom_fields\">\n<!-- WPLP Unknown field: Custom_Fields -->\n<\/span><a href=\"https:\/\/empsicologa.com\/en\/hola-a-todos\/\"  class=\"read-more\">Leer m\u00e1s&#8230;<\/a><\/div><\/div><\/div><\/div><\/div><div class=\"swiper-button-next\"><\/div><div class=\"swiper-button-prev\"><\/div><div class=\"swiper-pagination\"><\/div><\/div><\/div><\/p>\t\t\t\t\t\t<\/div>\n\t\t\t\t<\/div>\n\t\t\t\t\t<\/div>\n\t\t\t\t<\/div>\n\t\t<div class=\"elementor-element elementor-element-0eebc7c e-flex e-con-boxed e-con e-parent\" data-id=\"0eebc7c\" data-element_type=\"container\">\n\t\t\t\t\t<div class=\"e-con-inner\">\n\t\t\t\t<div class=\"elementor-element elementor-element-a905c6e elementor-widget elementor-widget-spacer\" data-id=\"a905c6e\" data-element_type=\"widget\" data-widget_type=\"spacer.default\">\n\t\t\t\t<div class=\"elementor-widget-container\">\n\t\t\t<style>\/*! elementor - v3.23.0 - 25-07-2024 *\/\n.elementor-column .elementor-spacer-inner{height:var(--spacer-size)}.e-con{--container-widget-width:100%}.e-con-inner>.elementor-widget-spacer,.e-con>.elementor-widget-spacer{width:var(--container-widget-width,var(--spacer-size));--align-self:var(--container-widget-align-self,initial);--flex-shrink:0}.e-con-inner>.elementor-widget-spacer>.elementor-widget-container,.e-con>.elementor-widget-spacer>.elementor-widget-container{height:100%;width:100%}.e-con-inner>.elementor-widget-spacer>.elementor-widget-container>.elementor-spacer,.e-con>.elementor-widget-spacer>.elementor-widget-container>.elementor-spacer{height:100%}.e-con-inner>.elementor-widget-spacer>.elementor-widget-container>.elementor-spacer>.elementor-spacer-inner,.e-con>.elementor-widget-spacer>.elementor-widget-container>.elementor-spacer>.elementor-spacer-inner{height:var(--container-widget-height,var(--spacer-size))}.e-con-inner>.elementor-widget-spacer.elementor-widget-empty,.e-con>.elementor-widget-spacer.elementor-widget-empty{position:relative;min-height:22px;min-width:22px}.e-con-inner>.elementor-widget-spacer.elementor-widget-empty .elementor-widget-empty-icon,.e-con>.elementor-widget-spacer.elementor-widget-empty .elementor-widget-empty-icon{position:absolute;top:0;bottom:0;left:0;right:0;margin:auto;padding:0;width:22px;height:22px}<\/style>\t\t<div class=\"elementor-spacer\">\n\t\t\t<div class=\"elementor-spacer-inner\"><\/div>\n\t\t<\/div>\n\t\t\t\t<\/div>\n\t\t\t\t<\/div>\n\t\t\t\t\t<\/div>\n\t\t\t\t<\/div>\n\t\t<div class=\"elementor-element elementor-element-1crgrmz e-flex e-con-boxed e-con e-parent\" data-id=\"1crgrmz\" data-element_type=\"container\" data-settings=\"{&quot;background_background&quot;:&quot;classic&quot;}\">\n\t\t\t\t\t<div class=\"e-con-inner\">\n\t\t<div class=\"elementor-element elementor-element-c63e080 e-flex e-con-boxed e-con e-child\" data-id=\"c63e080\" data-element_type=\"container\">\n\t\t\t\t\t<div class=\"e-con-inner\">\n\t\t\t\t<div class=\"elementor-element elementor-element-513cebe elementor-widget elementor-widget-heading\" data-id=\"513cebe\" data-element_type=\"widget\" data-widget_type=\"heading.default\">\n\t\t\t\t<div class=\"elementor-widget-container\">\n\t\t\t<h2 class=\"elementor-heading-title elementor-size-default\">Bienvenido\/a al inicio de tu mejor versi\u00f3n, porque todos merecemos seguir creciendo.<\/h2>\t\t<\/div>\n\t\t\t\t<\/div>\n\t\t\t\t<div class=\"elementor-element elementor-element-9700aa0 elementor-widget elementor-widget-text-editor\" data-id=\"9700aa0\" data-element_type=\"widget\" data-widget_type=\"text-editor.default\">\n\t\t\t\t<div class=\"elementor-widget-container\">\n\t\t\t\t\t\t\t<p>\u00a1Preg\u00fantanos lo que necesites! Si has llegado hasta aqu\u00ed, no te quedes con las dudas.<\/p>\t\t\t\t\t\t<\/div>\n\t\t\t\t<\/div>\n\t\t\t\t\t<\/div>\n\t\t\t\t<\/div>\n\t\t\t\t\t<\/div>\n\t\t\t\t<\/div>\n\t\t\t\t<\/div>","protected":false},"excerpt":{"rendered":"<p>Publicaciones Nos Movemos Si necesitas m\u00e1s contenido sobre nosotras, ver por donde nos movemos, lo que publicamos, los talleres que podemos ofrecerte\u2026 Este es tu espacio. Bienvenido\/a al inicio de tu mejor versi\u00f3n, porque todos merecemos seguir creciendo. \u00a1Preg\u00fantanos lo que necesites! Si has llegado hasta aqu\u00ed, no te quedes con las dudas.<\/p>","protected":false},"author":1,"featured_media":0,"parent":0,"menu_order":0,"comment_status":"closed","ping_status":"closed","template":"elementor_header_footer","meta":{"site-sidebar-layout":"no-sidebar","site-content-layout":"page-builder","ast-site-content-layout":"full-width-container","site-content-style":"default","site-sidebar-style":"default","ast-global-header-display":"","ast-banner-title-visibility":"","ast-main-header-display":"","ast-hfb-above-header-display":"","ast-hfb-below-header-display":"","ast-hfb-mobile-header-display":"","site-post-title":"disabled","ast-breadcrumbs-content":"","ast-featured-img":"disabled","footer-sml-layout":"","theme-transparent-header-meta":"","adv-header-id-meta":"","stick-header-meta":"","header-above-stick-meta":"","header-main-stick-meta":"","header-below-stick-meta":"","astra-migrate-meta-layouts":"set","ast-page-background-enabled":"default","ast-page-background-meta":{"desktop":{"background-color":"","background-image":"","background-repeat":"repeat","background-position":"center center","background-size":"auto","background-attachment":"scroll","background-type":"","background-media":"","overlay-type":"","overlay-color":"","overlay-opacity":"","overlay-gradient":""},"tablet":{"background-color":"","background-image":"","background-repeat":"repeat","background-position":"center center","background-size":"auto","background-attachment":"scroll","background-type":"","background-media":"","overlay-type":"","overlay-color":"","overlay-opacity":"","overlay-gradient":""},"mobile":{"background-color":"","background-image":"","background-repeat":"repeat","background-position":"center center","background-size":"auto","background-attachment":"scroll","background-type":"","background-media":"","overlay-type":"","overlay-color":"","overlay-opacity":"","overlay-gradient":""}},"ast-content-background-meta":{"desktop":{"background-color":"var(--ast-global-color-5)","background-image":"","background-repeat":"repeat","background-position":"center center","background-size":"auto","background-attachment":"scroll","background-type":"","background-media":"","overlay-type":"","overlay-color":"","overlay-opacity":"","overlay-gradient":""},"tablet":{"background-color":"var(--ast-global-color-5)","background-image":"","background-repeat":"repeat","background-position":"center center","background-size":"auto","background-attachment":"scroll","background-type":"","background-media":"","overlay-type":"","overlay-color":"","overlay-opacity":"","overlay-gradient":""},"mobile":{"background-color":"var(--ast-global-color-5)","background-image":"","background-repeat":"repeat","background-position":"center center","background-size":"auto","background-attachment":"scroll","background-type":"","background-media":"","overlay-type":"","overlay-color":"","overlay-opacity":"","overlay-gradient":""}},"footnotes":""},"class_list":["post-1316","page","type-page","status-publish","hentry"],"aioseo_notices":[],"_links":{"self":[{"href":"https:\/\/empsicologa.com\/en\/wp-json\/wp\/v2\/pages\/1316","targetHints":{"allow":["GET"]}}],"collection":[{"href":"https:\/\/empsicologa.com\/en\/wp-json\/wp\/v2\/pages"}],"about":[{"href":"https:\/\/empsicologa.com\/en\/wp-json\/wp\/v2\/types\/page"}],"author":[{"embeddable":true,"href":"https:\/\/empsicologa.com\/en\/wp-json\/wp\/v2\/users\/1"}],"replies":[{"embeddable":true,"href":"https:\/\/empsicologa.com\/en\/wp-json\/wp\/v2\/comments?post=1316"}],"version-history":[{"count":157,"href":"https:\/\/empsicologa.com\/en\/wp-json\/wp\/v2\/pages\/1316\/revisions"}],"predecessor-version":[{"id":1937,"href":"https:\/\/empsicologa.com\/en\/wp-json\/wp\/v2\/pages\/1316\/revisions\/1937"}],"wp:attachment":[{"href":"https:\/\/empsicologa.com\/en\/wp-json\/wp\/v2\/media?parent=1316"}],"curies":[{"name":"wp","href":"https:\/\/api.w.org\/{rel}","templated":true}]}}